{"id":1123,"date":"2024-04-04T16:49:30","date_gmt":"2024-04-04T14:49:30","guid":{"rendered":"https:\/\/www.natural-spices.com\/cart\/"},"modified":"2025-01-02T14:38:14","modified_gmt":"2025-01-02T13:38:14","slug":"cart","status":"publish","type":"page","link":"https:\/\/www.natural-spices.com\/en\/cart\/","title":{"rendered":"Cart"},"content":{"rendered":"\t\t<div data-elementor-type=\"wp-page\" data-elementor-id=\"1123\" class=\"elementor elementor-1123 elementor-12\" data-elementor-post-type=\"page\">\n\t\t\t\t<div class=\"elementor-element elementor-element-2a5a33b e-flex e-con-boxed e-con e-parent\" data-id=\"2a5a33b\" data-element_type=\"container\" data-e-type=\"container\" data-settings=\"{&quot;background_background&quot;:&quot;classic&quot;}\">\n\t\t\t\t\t<div class=\"e-con-inner\">\n\t\t\t\t<div class=\"elementor-element elementor-element-2e32398 elementor-widget elementor-widget-heading\" data-id=\"2e32398\" data-element_type=\"widget\" data-e-type=\"widget\" data-widget_type=\"heading.default\">\n\t\t\t\t\t<h1 class=\"elementor-heading-title elementor-size-default\">Your shopping cart<\/h1>\t\t\t\t<\/div>\n\t\t\t\t\t<\/div>\n\t\t\t\t<\/div>\n\t\t<div class=\"elementor-element elementor-element-6663f78b e-flex e-con-boxed e-con e-parent\" data-id=\"6663f78b\" data-element_type=\"container\" data-e-type=\"container\">\n\t\t\t\t\t<div class=\"e-con-inner\">\n\t\t\t\t\t<\/div>\n\t\t\t\t<\/div>\n\t\t\t\t<\/div>\n\t\t","protected":false},"excerpt":{"rendered":"<p>Your shopping cart Supprimer l\u2019\u00e9l\u00e9ment Miniature Produit Prix Quantit\u00e9 Sous-total \u00d7 Gourmet Vanilla Quality A &#8211; 3 beans 7,57\u00a0\u20ac quantit\u00e9 de Gourmet Vanilla Quality A &#8211; 3 beans\u00a0 7,57\u00a0\u20ac Apply the code Cart total Sous-total 7,57\u00a0\u20ac Exp\u00e9dition Saisissez votre adresse pour voir les options de livraison. Calculer les frais d\u2019exp\u00e9dition Pays\/r\u00e9gion\u00a0: S\u00e9lectionner un pays\/r\u00e9gion\u2026AllemagneAutricheBelgiqueEspagneFranceItalieLuxembourgPays-BasPortugal \u00c9tat [&hellip;]<\/p>\n","protected":false},"author":2,"featured_media":0,"parent":0,"menu_order":0,"comment_status":"closed","ping_status":"closed","template":"","meta":{"footnotes":""},"class_list":["post-1123","page","type-page","status-publish","hentry"],"yoast_head":"<!-- This site is optimized with the Yoast SEO plugin v27.3 - https:\/\/yoast.com\/product\/yoast-seo-wordpress\/ -->\n<title>Cart - Natural Spices<\/title>\n<meta name=\"robots\" content=\"index, follow, max-snippet:-1, max-image-preview:large, max-video-preview:-1\" \/>\n<link rel=\"canonical\" href=\"https:\/\/www.natural-spices.com\/en\/cart\/\" \/>\n<meta property=\"og:locale\" content=\"en_US\" \/>\n<meta property=\"og:type\" content=\"article\" \/>\n<meta property=\"og:title\" content=\"Cart - Natural Spices\" \/>\n<meta property=\"og:description\" content=\"Your shopping cart Supprimer l\u2019\u00e9l\u00e9ment Miniature Produit Prix Quantit\u00e9 Sous-total \u00d7 Gourmet Vanilla Quality A &#8211; 3 beans 7,57\u00a0\u20ac quantit\u00e9 de Gourmet Vanilla Quality A &#8211; 3 beans\u00a0 7,57\u00a0\u20ac Apply the code Cart total Sous-total 7,57\u00a0\u20ac Exp\u00e9dition Saisissez votre adresse pour voir les options de livraison. Calculer les frais d\u2019exp\u00e9dition Pays\/r\u00e9gion\u00a0: S\u00e9lectionner un pays\/r\u00e9gion\u2026AllemagneAutricheBelgiqueEspagneFranceItalieLuxembourgPays-BasPortugal \u00c9tat [&hellip;]\" \/>\n<meta property=\"og:url\" content=\"https:\/\/www.natural-spices.com\/en\/cart\/\" \/>\n<meta property=\"og:site_name\" content=\"Natural Spices\" \/>\n<meta property=\"article:modified_time\" content=\"2025-01-02T13:38:14+00:00\" \/>\n<meta property=\"og:image\" content=\"https:\/\/www.natural-spices.com\/wp-content\/uploads\/2024\/04\/vanille-gourmet-grade-a-300x300.jpg\" \/>\n<meta name=\"twitter:card\" content=\"summary_large_image\" \/>\n<meta name=\"twitter:label1\" content=\"Est. reading time\" \/>\n\t<meta name=\"twitter:data1\" content=\"1 minute\" \/>\n<script type=\"application\/ld+json\" class=\"yoast-schema-graph\">{\"@context\":\"https:\\\/\\\/schema.org\",\"@graph\":[{\"@type\":\"WebPage\",\"@id\":\"https:\\\/\\\/www.natural-spices.com\\\/en\\\/cart\\\/\",\"url\":\"https:\\\/\\\/www.natural-spices.com\\\/en\\\/cart\\\/\",\"name\":\"Cart - Natural Spices\",\"isPartOf\":{\"@id\":\"https:\\\/\\\/www.natural-spices.com\\\/en\\\/#website\"},\"primaryImageOfPage\":{\"@id\":\"https:\\\/\\\/www.natural-spices.com\\\/en\\\/cart\\\/#primaryimage\"},\"image\":{\"@id\":\"https:\\\/\\\/www.natural-spices.com\\\/en\\\/cart\\\/#primaryimage\"},\"thumbnailUrl\":\"https:\\\/\\\/www.natural-spices.com\\\/wp-content\\\/uploads\\\/2024\\\/04\\\/vanille-gourmet-grade-a-300x300.jpg\",\"datePublished\":\"2024-04-04T14:49:30+00:00\",\"dateModified\":\"2025-01-02T13:38:14+00:00\",\"breadcrumb\":{\"@id\":\"https:\\\/\\\/www.natural-spices.com\\\/en\\\/cart\\\/#breadcrumb\"},\"inLanguage\":\"en-US\",\"potentialAction\":[{\"@type\":\"ReadAction\",\"target\":[\"https:\\\/\\\/www.natural-spices.com\\\/en\\\/cart\\\/\"]}]},{\"@type\":\"ImageObject\",\"inLanguage\":\"en-US\",\"@id\":\"https:\\\/\\\/www.natural-spices.com\\\/en\\\/cart\\\/#primaryimage\",\"url\":\"https:\\\/\\\/www.natural-spices.com\\\/wp-content\\\/uploads\\\/2024\\\/04\\\/vanille-gourmet-grade-a-300x300.jpg\",\"contentUrl\":\"https:\\\/\\\/www.natural-spices.com\\\/wp-content\\\/uploads\\\/2024\\\/04\\\/vanille-gourmet-grade-a-300x300.jpg\"},{\"@type\":\"BreadcrumbList\",\"@id\":\"https:\\\/\\\/www.natural-spices.com\\\/en\\\/cart\\\/#breadcrumb\",\"itemListElement\":[{\"@type\":\"ListItem\",\"position\":1,\"name\":\"Home\",\"item\":\"https:\\\/\\\/www.natural-spices.com\\\/en\\\/\"},{\"@type\":\"ListItem\",\"position\":2,\"name\":\"Cart\"}]},{\"@type\":\"WebSite\",\"@id\":\"https:\\\/\\\/www.natural-spices.com\\\/en\\\/#website\",\"url\":\"https:\\\/\\\/www.natural-spices.com\\\/en\\\/\",\"name\":\"Natural Spices\",\"description\":\"Vente en ligne de vanille de Madagascar\",\"publisher\":{\"@id\":\"https:\\\/\\\/www.natural-spices.com\\\/en\\\/#organization\"},\"potentialAction\":[{\"@type\":\"SearchAction\",\"target\":{\"@type\":\"EntryPoint\",\"urlTemplate\":\"https:\\\/\\\/www.natural-spices.com\\\/en\\\/?s={search_term_string}\"},\"query-input\":{\"@type\":\"PropertyValueSpecification\",\"valueRequired\":true,\"valueName\":\"search_term_string\"}}],\"inLanguage\":\"en-US\"},{\"@type\":\"Organization\",\"@id\":\"https:\\\/\\\/www.natural-spices.com\\\/en\\\/#organization\",\"name\":\"Natural Spices\",\"url\":\"https:\\\/\\\/www.natural-spices.com\\\/en\\\/\",\"logo\":{\"@type\":\"ImageObject\",\"inLanguage\":\"en-US\",\"@id\":\"https:\\\/\\\/www.natural-spices.com\\\/en\\\/#\\\/schema\\\/logo\\\/image\\\/\",\"url\":\"https:\\\/\\\/www.natural-spices.com\\\/wp-content\\\/uploads\\\/2024\\\/04\\\/cropped-Natural-Spices_logo_PMS.png\",\"contentUrl\":\"https:\\\/\\\/www.natural-spices.com\\\/wp-content\\\/uploads\\\/2024\\\/04\\\/cropped-Natural-Spices_logo_PMS.png\",\"width\":842,\"height\":241,\"caption\":\"Natural Spices\"},\"image\":{\"@id\":\"https:\\\/\\\/www.natural-spices.com\\\/en\\\/#\\\/schema\\\/logo\\\/image\\\/\"}}]}<\/script>\n<!-- \/ Yoast SEO plugin. -->","yoast_head_json":{"title":"Cart - Natural Spices","robots":{"index":"index","follow":"follow","max-snippet":"max-snippet:-1","max-image-preview":"max-image-preview:large","max-video-preview":"max-video-preview:-1"},"canonical":"https:\/\/www.natural-spices.com\/en\/cart\/","og_locale":"en_US","og_type":"article","og_title":"Cart - Natural Spices","og_description":"Your shopping cart Supprimer l\u2019\u00e9l\u00e9ment Miniature Produit Prix Quantit\u00e9 Sous-total \u00d7 Gourmet Vanilla Quality A &#8211; 3 beans 7,57\u00a0\u20ac quantit\u00e9 de Gourmet Vanilla Quality A &#8211; 3 beans\u00a0 7,57\u00a0\u20ac Apply the code Cart total Sous-total 7,57\u00a0\u20ac Exp\u00e9dition Saisissez votre adresse pour voir les options de livraison. Calculer les frais d\u2019exp\u00e9dition Pays\/r\u00e9gion\u00a0: S\u00e9lectionner un pays\/r\u00e9gion\u2026AllemagneAutricheBelgiqueEspagneFranceItalieLuxembourgPays-BasPortugal \u00c9tat [&hellip;]","og_url":"https:\/\/www.natural-spices.com\/en\/cart\/","og_site_name":"Natural Spices","article_modified_time":"2025-01-02T13:38:14+00:00","og_image":[{"url":"https:\/\/www.natural-spices.com\/wp-content\/uploads\/2024\/04\/vanille-gourmet-grade-a-300x300.jpg","type":"","width":"","height":""}],"twitter_card":"summary_large_image","twitter_misc":{"Est. reading time":"1 minute"},"schema":{"@context":"https:\/\/schema.org","@graph":[{"@type":"WebPage","@id":"https:\/\/www.natural-spices.com\/en\/cart\/","url":"https:\/\/www.natural-spices.com\/en\/cart\/","name":"Cart - Natural Spices","isPartOf":{"@id":"https:\/\/www.natural-spices.com\/en\/#website"},"primaryImageOfPage":{"@id":"https:\/\/www.natural-spices.com\/en\/cart\/#primaryimage"},"image":{"@id":"https:\/\/www.natural-spices.com\/en\/cart\/#primaryimage"},"thumbnailUrl":"https:\/\/www.natural-spices.com\/wp-content\/uploads\/2024\/04\/vanille-gourmet-grade-a-300x300.jpg","datePublished":"2024-04-04T14:49:30+00:00","dateModified":"2025-01-02T13:38:14+00:00","breadcrumb":{"@id":"https:\/\/www.natural-spices.com\/en\/cart\/#breadcrumb"},"inLanguage":"en-US","potentialAction":[{"@type":"ReadAction","target":["https:\/\/www.natural-spices.com\/en\/cart\/"]}]},{"@type":"ImageObject","inLanguage":"en-US","@id":"https:\/\/www.natural-spices.com\/en\/cart\/#primaryimage","url":"https:\/\/www.natural-spices.com\/wp-content\/uploads\/2024\/04\/vanille-gourmet-grade-a-300x300.jpg","contentUrl":"https:\/\/www.natural-spices.com\/wp-content\/uploads\/2024\/04\/vanille-gourmet-grade-a-300x300.jpg"},{"@type":"BreadcrumbList","@id":"https:\/\/www.natural-spices.com\/en\/cart\/#breadcrumb","itemListElement":[{"@type":"ListItem","position":1,"name":"Home","item":"https:\/\/www.natural-spices.com\/en\/"},{"@type":"ListItem","position":2,"name":"Cart"}]},{"@type":"WebSite","@id":"https:\/\/www.natural-spices.com\/en\/#website","url":"https:\/\/www.natural-spices.com\/en\/","name":"Natural Spices","description":"Vente en ligne de vanille de Madagascar","publisher":{"@id":"https:\/\/www.natural-spices.com\/en\/#organization"},"potentialAction":[{"@type":"SearchAction","target":{"@type":"EntryPoint","urlTemplate":"https:\/\/www.natural-spices.com\/en\/?s={search_term_string}"},"query-input":{"@type":"PropertyValueSpecification","valueRequired":true,"valueName":"search_term_string"}}],"inLanguage":"en-US"},{"@type":"Organization","@id":"https:\/\/www.natural-spices.com\/en\/#organization","name":"Natural Spices","url":"https:\/\/www.natural-spices.com\/en\/","logo":{"@type":"ImageObject","inLanguage":"en-US","@id":"https:\/\/www.natural-spices.com\/en\/#\/schema\/logo\/image\/","url":"https:\/\/www.natural-spices.com\/wp-content\/uploads\/2024\/04\/cropped-Natural-Spices_logo_PMS.png","contentUrl":"https:\/\/www.natural-spices.com\/wp-content\/uploads\/2024\/04\/cropped-Natural-Spices_logo_PMS.png","width":842,"height":241,"caption":"Natural Spices"},"image":{"@id":"https:\/\/www.natural-spices.com\/en\/#\/schema\/logo\/image\/"}}]}},"_links":{"self":[{"href":"https:\/\/www.natural-spices.com\/en\/wp-json\/wp\/v2\/pages\/1123","targetHints":{"allow":["GET"]}}],"collection":[{"href":"https:\/\/www.natural-spices.com\/en\/wp-json\/wp\/v2\/pages"}],"about":[{"href":"https:\/\/www.natural-spices.com\/en\/wp-json\/wp\/v2\/types\/page"}],"author":[{"embeddable":true,"href":"https:\/\/www.natural-spices.com\/en\/wp-json\/wp\/v2\/users\/2"}],"replies":[{"embeddable":true,"href":"https:\/\/www.natural-spices.com\/en\/wp-json\/wp\/v2\/comments?post=1123"}],"version-history":[{"count":4,"href":"https:\/\/www.natural-spices.com\/en\/wp-json\/wp\/v2\/pages\/1123\/revisions"}],"predecessor-version":[{"id":1270,"href":"https:\/\/www.natural-spices.com\/en\/wp-json\/wp\/v2\/pages\/1123\/revisions\/1270"}],"wp:attachment":[{"href":"https:\/\/www.natural-spices.com\/en\/wp-json\/wp\/v2\/media?parent=1123"}],"curies":[{"name":"wp","href":"https:\/\/api.w.org\/{rel}","templated":true}]}}