{"id":1131,"date":"2024-04-04T17:40:06","date_gmt":"2024-04-04T15:40:06","guid":{"rendered":"https:\/\/www.natural-spices.com\/contact\/"},"modified":"2025-01-02T13:49:42","modified_gmt":"2025-01-02T12:49:42","slug":"contact","status":"publish","type":"page","link":"https:\/\/www.natural-spices.com\/en\/contact\/","title":{"rendered":"Contact"},"content":{"rendered":"\t\t<div data-elementor-type=\"wp-page\" data-elementor-id=\"1131\" class=\"elementor elementor-1131 elementor-59\" data-elementor-post-type=\"page\">\n\t\t\t\t<div class=\"elementor-element elementor-element-bacaa9d e-flex e-con-boxed e-con e-parent\" data-id=\"bacaa9d\" data-element_type=\"container\" data-e-type=\"container\" data-settings=\"{&quot;background_background&quot;:&quot;classic&quot;}\">\n\t\t\t\t\t<div class=\"e-con-inner\">\n\t\t\t\t<div class=\"elementor-element elementor-element-dbf84d5 elementor-widget elementor-widget-heading\" data-id=\"dbf84d5\" data-element_type=\"widget\" data-e-type=\"widget\" data-widget_type=\"heading.default\">\n\t\t\t\t\t<h1 class=\"elementor-heading-title elementor-size-default\">Contact<\/h1>\t\t\t\t<\/div>\n\t\t\t\t\t<\/div>\n\t\t\t\t<\/div>\n\t\t<div class=\"elementor-element elementor-element-95174f4 e-flex e-con-boxed e-con e-parent\" data-id=\"95174f4\" data-element_type=\"container\" data-e-type=\"container\">\n\t\t\t\t\t<div class=\"e-con-inner\">\n\t\t\t\t<div class=\"elementor-element elementor-element-a6f2821 elementor-button-align-stretch elementor-widget elementor-widget-form\" data-id=\"a6f2821\" data-element_type=\"widget\" data-e-type=\"widget\" data-settings=\"{&quot;button_width&quot;:&quot;33&quot;,&quot;step_next_label&quot;:&quot;Next&quot;,&quot;step_previous_label&quot;:&quot;Previous&quot;,&quot;step_type&quot;:&quot;number_text&quot;,&quot;step_icon_shape&quot;:&quot;circle&quot;}\" data-widget_type=\"form.default\">\n\t\t\t\t\t\t\t<form class=\"elementor-form\" method=\"post\" name=\"New Form\" aria-label=\"New Form\">\n\t\t\t<input type=\"hidden\" name=\"post_id\" value=\"1131\"\/>\n\t\t\t<input type=\"hidden\" name=\"form_id\" value=\"a6f2821\"\/>\n\t\t\t<input type=\"hidden\" name=\"referer_title\" value=\"Nous contacter - Natural Spices\" \/>\n\n\t\t\t\t\t\t\t<input type=\"hidden\" name=\"queried_id\" value=\"1131\"\/>\n\t\t\t\n\t\t\t<div class=\"elementor-form-fields-wrapper elementor-labels-\">\n\t\t\t\t\t\t\t\t<div class=\"elementor-field-type-text elementor-field-group elementor-column elementor-field-group-nom elementor-col-33 elementor-field-required\">\n\t\t\t\t\t\t\t\t\t\t\t\t<label for=\"form-field-nom\" class=\"elementor-field-label elementor-screen-only\">\n\t\t\t\t\t\t\t\tName\t\t\t\t\t\t\t<\/label>\n\t\t\t\t\t\t\t\t\t\t\t\t\t\t<input size=\"1\" type=\"text\" name=\"form_fields[nom]\" id=\"form-field-nom\" class=\"elementor-field elementor-size-sm  elementor-field-textual\" placeholder=\"Name\" required=\"required\">\n\t\t\t\t\t\t\t\t\t\t\t<\/div>\n\t\t\t\t\t\t\t\t<div class=\"elementor-field-type-email elementor-field-group elementor-column elementor-field-group-email elementor-col-33 elementor-field-required\">\n\t\t\t\t\t\t\t\t\t\t\t\t<label for=\"form-field-email\" class=\"elementor-field-label elementor-screen-only\">\n\t\t\t\t\t\t\t\tEmail\t\t\t\t\t\t\t<\/label>\n\t\t\t\t\t\t\t\t\t\t\t\t\t\t<input size=\"1\" type=\"email\" name=\"form_fields[email]\" id=\"form-field-email\" class=\"elementor-field elementor-size-sm  elementor-field-textual\" placeholder=\"Email\" required=\"required\">\n\t\t\t\t\t\t\t\t\t\t\t<\/div>\n\t\t\t\t\t\t\t\t<div class=\"elementor-field-type-text elementor-field-group elementor-column elementor-field-group-telephone elementor-col-33 elementor-field-required\">\n\t\t\t\t\t\t\t\t\t\t\t\t<label for=\"form-field-telephone\" class=\"elementor-field-label elementor-screen-only\">\n\t\t\t\t\t\t\t\tPhone\t\t\t\t\t\t\t<\/label>\n\t\t\t\t\t\t\t\t\t\t\t\t\t\t<input size=\"1\" type=\"text\" name=\"form_fields[telephone]\" id=\"form-field-telephone\" class=\"elementor-field elementor-size-sm  elementor-field-textual\" placeholder=\"Phone\" required=\"required\">\n\t\t\t\t\t\t\t\t\t\t\t<\/div>\n\t\t\t\t\t\t\t\t<div class=\"elementor-field-type-textarea elementor-field-group elementor-column elementor-field-group-message elementor-col-100\">\n\t\t\t\t\t\t\t\t\t\t\t\t<label for=\"form-field-message\" class=\"elementor-field-label elementor-screen-only\">\n\t\t\t\t\t\t\t\tMessage\t\t\t\t\t\t\t<\/label>\n\t\t\t\t\t\t<textarea class=\"elementor-field-textual elementor-field  elementor-size-sm\" name=\"form_fields[message]\" id=\"form-field-message\" rows=\"5\" placeholder=\"Message\"><\/textarea>\t\t\t\t<\/div>\n\t\t\t\t\t\t\t\t<div class=\"elementor-field-type-recaptcha_v3 elementor-field-group elementor-column elementor-field-group-field_e50eacc elementor-col-100 recaptcha_v3-bottomleft\">\n\t\t\t\t\t<div class=\"elementor-field\" id=\"form-field-field_e50eacc\"><div class=\"elementor-g-recaptcha\" data-sitekey=\"6LeHN8ApAAAAAMmN3ZJgnAOQeM-hbcsP4II4CxEg\" data-type=\"v3\" data-action=\"Form\" data-badge=\"bottomleft\" data-size=\"invisible\"><\/div><\/div>\t\t\t\t<\/div>\n\t\t\t\t\t\t\t\t<div class=\"elementor-field-group elementor-column elementor-field-type-submit elementor-col-33 e-form__buttons\">\n\t\t\t\t\t<button class=\"elementor-button elementor-size-sm\" type=\"submit\">\n\t\t\t\t\t\t<span class=\"elementor-button-content-wrapper\">\n\t\t\t\t\t\t\t\t\t\t\t\t\t\t\t\t\t\t\t\t\t\t<span class=\"elementor-button-text\">SEND<\/span>\n\t\t\t\t\t\t\t\t\t\t\t\t\t<\/span>\n\t\t\t\t\t<\/button>\n\t\t\t\t<\/div>\n\t\t\t<\/div>\n\t\t<\/form>\n\t\t\t\t\t\t<\/div>\n\t\t\t\t\t<\/div>\n\t\t\t\t<\/div>\n\t\t\t\t<\/div>\n\t\t","protected":false},"excerpt":{"rendered":"<p>Contact<\/p>\n","protected":false},"author":2,"featured_media":0,"parent":0,"menu_order":0,"comment_status":"closed","ping_status":"closed","template":"","meta":{"footnotes":""},"class_list":["post-1131","page","type-page","status-publish","hentry"],"yoast_head":"<!-- This site is optimized with the Yoast SEO plugin v27.3 - https:\/\/yoast.com\/product\/yoast-seo-wordpress\/ -->\n<title>Nous contacter - Natural Spices<\/title>\n<meta name=\"description\" content=\"Pour toute question ou demande d&#039;information sur nos produits, n&#039;h\u00e9sitez pas \u00e0 nous contacter. Notre \u00e9quipe est \u00e0 votre \u00e9coute.\" \/>\n<meta name=\"robots\" content=\"index, follow, max-snippet:-1, max-image-preview:large, max-video-preview:-1\" \/>\n<link rel=\"canonical\" href=\"https:\/\/www.natural-spices.com\/en\/contact\/\" \/>\n<meta property=\"og:locale\" content=\"en_US\" \/>\n<meta property=\"og:type\" content=\"article\" \/>\n<meta property=\"og:title\" content=\"Nous contacter - Natural Spices\" \/>\n<meta property=\"og:description\" content=\"Pour toute question ou demande d&#039;information sur nos produits, n&#039;h\u00e9sitez pas \u00e0 nous contacter. Notre \u00e9quipe est \u00e0 votre \u00e9coute.\" \/>\n<meta property=\"og:url\" content=\"https:\/\/www.natural-spices.com\/en\/contact\/\" \/>\n<meta property=\"og:site_name\" content=\"Natural Spices\" \/>\n<meta property=\"article:modified_time\" content=\"2025-01-02T12:49:42+00:00\" \/>\n<meta name=\"twitter:card\" content=\"summary_large_image\" \/>\n<meta name=\"twitter:label1\" content=\"Est. reading time\" \/>\n\t<meta name=\"twitter:data1\" content=\"1 minute\" \/>\n<script type=\"application\/ld+json\" class=\"yoast-schema-graph\">{\"@context\":\"https:\\\/\\\/schema.org\",\"@graph\":[{\"@type\":\"WebPage\",\"@id\":\"https:\\\/\\\/www.natural-spices.com\\\/en\\\/contact\\\/\",\"url\":\"https:\\\/\\\/www.natural-spices.com\\\/en\\\/contact\\\/\",\"name\":\"Nous contacter - Natural Spices\",\"isPartOf\":{\"@id\":\"https:\\\/\\\/www.natural-spices.com\\\/en\\\/#website\"},\"datePublished\":\"2024-04-04T15:40:06+00:00\",\"dateModified\":\"2025-01-02T12:49:42+00:00\",\"description\":\"Pour toute question ou demande d'information sur nos produits, n'h\u00e9sitez pas \u00e0 nous contacter. Notre \u00e9quipe est \u00e0 votre \u00e9coute.\",\"breadcrumb\":{\"@id\":\"https:\\\/\\\/www.natural-spices.com\\\/en\\\/contact\\\/#breadcrumb\"},\"inLanguage\":\"en-US\",\"potentialAction\":[{\"@type\":\"ReadAction\",\"target\":[\"https:\\\/\\\/www.natural-spices.com\\\/en\\\/contact\\\/\"]}]},{\"@type\":\"BreadcrumbList\",\"@id\":\"https:\\\/\\\/www.natural-spices.com\\\/en\\\/contact\\\/#breadcrumb\",\"itemListElement\":[{\"@type\":\"ListItem\",\"position\":1,\"name\":\"Home\",\"item\":\"https:\\\/\\\/www.natural-spices.com\\\/en\\\/\"},{\"@type\":\"ListItem\",\"position\":2,\"name\":\"Contact\"}]},{\"@type\":\"WebSite\",\"@id\":\"https:\\\/\\\/www.natural-spices.com\\\/en\\\/#website\",\"url\":\"https:\\\/\\\/www.natural-spices.com\\\/en\\\/\",\"name\":\"Natural Spices\",\"description\":\"Vente en ligne de vanille de Madagascar\",\"publisher\":{\"@id\":\"https:\\\/\\\/www.natural-spices.com\\\/en\\\/#organization\"},\"potentialAction\":[{\"@type\":\"SearchAction\",\"target\":{\"@type\":\"EntryPoint\",\"urlTemplate\":\"https:\\\/\\\/www.natural-spices.com\\\/en\\\/?s={search_term_string}\"},\"query-input\":{\"@type\":\"PropertyValueSpecification\",\"valueRequired\":true,\"valueName\":\"search_term_string\"}}],\"inLanguage\":\"en-US\"},{\"@type\":\"Organization\",\"@id\":\"https:\\\/\\\/www.natural-spices.com\\\/en\\\/#organization\",\"name\":\"Natural Spices\",\"url\":\"https:\\\/\\\/www.natural-spices.com\\\/en\\\/\",\"logo\":{\"@type\":\"ImageObject\",\"inLanguage\":\"en-US\",\"@id\":\"https:\\\/\\\/www.natural-spices.com\\\/en\\\/#\\\/schema\\\/logo\\\/image\\\/\",\"url\":\"https:\\\/\\\/www.natural-spices.com\\\/wp-content\\\/uploads\\\/2024\\\/04\\\/cropped-Natural-Spices_logo_PMS.png\",\"contentUrl\":\"https:\\\/\\\/www.natural-spices.com\\\/wp-content\\\/uploads\\\/2024\\\/04\\\/cropped-Natural-Spices_logo_PMS.png\",\"width\":842,\"height\":241,\"caption\":\"Natural Spices\"},\"image\":{\"@id\":\"https:\\\/\\\/www.natural-spices.com\\\/en\\\/#\\\/schema\\\/logo\\\/image\\\/\"}}]}<\/script>\n<!-- \/ Yoast SEO plugin. -->","yoast_head_json":{"title":"Nous contacter - Natural Spices","description":"Pour toute question ou demande d'information sur nos produits, n'h\u00e9sitez pas \u00e0 nous contacter. Notre \u00e9quipe est \u00e0 votre \u00e9coute.","robots":{"index":"index","follow":"follow","max-snippet":"max-snippet:-1","max-image-preview":"max-image-preview:large","max-video-preview":"max-video-preview:-1"},"canonical":"https:\/\/www.natural-spices.com\/en\/contact\/","og_locale":"en_US","og_type":"article","og_title":"Nous contacter - Natural Spices","og_description":"Pour toute question ou demande d'information sur nos produits, n'h\u00e9sitez pas \u00e0 nous contacter. Notre \u00e9quipe est \u00e0 votre \u00e9coute.","og_url":"https:\/\/www.natural-spices.com\/en\/contact\/","og_site_name":"Natural Spices","article_modified_time":"2025-01-02T12:49:42+00:00","twitter_card":"summary_large_image","twitter_misc":{"Est. reading time":"1 minute"},"schema":{"@context":"https:\/\/schema.org","@graph":[{"@type":"WebPage","@id":"https:\/\/www.natural-spices.com\/en\/contact\/","url":"https:\/\/www.natural-spices.com\/en\/contact\/","name":"Nous contacter - Natural Spices","isPartOf":{"@id":"https:\/\/www.natural-spices.com\/en\/#website"},"datePublished":"2024-04-04T15:40:06+00:00","dateModified":"2025-01-02T12:49:42+00:00","description":"Pour toute question ou demande d'information sur nos produits, n'h\u00e9sitez pas \u00e0 nous contacter. Notre \u00e9quipe est \u00e0 votre \u00e9coute.","breadcrumb":{"@id":"https:\/\/www.natural-spices.com\/en\/contact\/#breadcrumb"},"inLanguage":"en-US","potentialAction":[{"@type":"ReadAction","target":["https:\/\/www.natural-spices.com\/en\/contact\/"]}]},{"@type":"BreadcrumbList","@id":"https:\/\/www.natural-spices.com\/en\/contact\/#breadcrumb","itemListElement":[{"@type":"ListItem","position":1,"name":"Home","item":"https:\/\/www.natural-spices.com\/en\/"},{"@type":"ListItem","position":2,"name":"Contact"}]},{"@type":"WebSite","@id":"https:\/\/www.natural-spices.com\/en\/#website","url":"https:\/\/www.natural-spices.com\/en\/","name":"Natural Spices","description":"Vente en ligne de vanille de Madagascar","publisher":{"@id":"https:\/\/www.natural-spices.com\/en\/#organization"},"potentialAction":[{"@type":"SearchAction","target":{"@type":"EntryPoint","urlTemplate":"https:\/\/www.natural-spices.com\/en\/?s={search_term_string}"},"query-input":{"@type":"PropertyValueSpecification","valueRequired":true,"valueName":"search_term_string"}}],"inLanguage":"en-US"},{"@type":"Organization","@id":"https:\/\/www.natural-spices.com\/en\/#organization","name":"Natural Spices","url":"https:\/\/www.natural-spices.com\/en\/","logo":{"@type":"ImageObject","inLanguage":"en-US","@id":"https:\/\/www.natural-spices.com\/en\/#\/schema\/logo\/image\/","url":"https:\/\/www.natural-spices.com\/wp-content\/uploads\/2024\/04\/cropped-Natural-Spices_logo_PMS.png","contentUrl":"https:\/\/www.natural-spices.com\/wp-content\/uploads\/2024\/04\/cropped-Natural-Spices_logo_PMS.png","width":842,"height":241,"caption":"Natural Spices"},"image":{"@id":"https:\/\/www.natural-spices.com\/en\/#\/schema\/logo\/image\/"}}]}},"_links":{"self":[{"href":"https:\/\/www.natural-spices.com\/en\/wp-json\/wp\/v2\/pages\/1131","targetHints":{"allow":["GET"]}}],"collection":[{"href":"https:\/\/www.natural-spices.com\/en\/wp-json\/wp\/v2\/pages"}],"about":[{"href":"https:\/\/www.natural-spices.com\/en\/wp-json\/wp\/v2\/types\/page"}],"author":[{"embeddable":true,"href":"https:\/\/www.natural-spices.com\/en\/wp-json\/wp\/v2\/users\/2"}],"replies":[{"embeddable":true,"href":"https:\/\/www.natural-spices.com\/en\/wp-json\/wp\/v2\/comments?post=1131"}],"version-history":[{"count":4,"href":"https:\/\/www.natural-spices.com\/en\/wp-json\/wp\/v2\/pages\/1131\/revisions"}],"predecessor-version":[{"id":1221,"href":"https:\/\/www.natural-spices.com\/en\/wp-json\/wp\/v2\/pages\/1131\/revisions\/1221"}],"wp:attachment":[{"href":"https:\/\/www.natural-spices.com\/en\/wp-json\/wp\/v2\/media?parent=1131"}],"curies":[{"name":"wp","href":"https:\/\/api.w.org\/{rel}","templated":true}]}}